{"id":3897,"date":"2011-12-07T20:27:57","date_gmt":"2011-12-07T19:27:57","guid":{"rendered":"https:\/\/tazintosh.com\/?page_id=3897"},"modified":"2017-03-11T16:43:50","modified_gmt":"2017-03-11T15:43:50","slug":"contact-2","status":"publish","type":"page","link":"https:\/\/vpn.tazintosh.com\/en\/contact-2\/","title":{"rendered":"About"},"content":{"rendered":"<div class=\"taz_row\">\r\n\t<div class=\"taz_column taz_column-oneThird\">\r\n\t\t<div class=\"taz_panel taz_panel-default\"><div class=\"taz_panel-bodyWrapper\"><div class=\"taz_panel-body\">\r\n\t\t\t<figure id=\"taz_imageElem-1274682776\" class=\"taz_imageElem\"><div class=\"taz_imageWrapper taz_rounded\" style=\"position: relative; background-color:#BDB5A8;\"><a href=\"\/wordpress\/wp-content\/uploads\/photo-20110424-5DMkII-IMG_3256.jpg\" class=\"taz_imageLink\" rel=\"taz_imageZoom\" data-zoomwidth=\"800\" data-zoomheight=\"1200\" data-averagecolor=\"#BDB5A8\" data-imagefilename=\"photo-20110424-5DMkII-IMG_3256.jpg\"><img decoding=\"async\" class=\"taz_image\" src=\"https:\/\/vpn.tazintosh.com\/wordpress\/wp-content\/themes\/Tazintosh\/inc\/taz_imagePlaceholder.php?width=268&height=402\" data-src=\"\/wordpress\/wp-content\/uploads\/photo-20110424-5DMkII-IMG_3256-427x640.jpg\"  style=\"width:268px\"><\/a><\/div><\/figure>\r\n\t\t\t<h5>In short<\/h5>\r\n\t\t\t<ul class=\"taz_list\"><li class=\"taz_listItem\"><i class=\"fa-li fa fa-eye\"><\/i>Observation<\/li><li class=\"taz_listItem\"><i class=\"fa-li fa fa-leaf\"><\/i>Sensitivity & feelings (movies can makes me cry, that's it)<\/li><li class=\"taz_listItem\"><i class=\"fa-li fa fa-group\"><\/i>Loving parents<\/li><li class=\"taz_listItem\"><i class=\"fa-li fa fa-heart\"><\/i>Marion<\/li><li class=\"taz_listItem\"><i class=\"fa-li fa fa-bolt\"><\/i>Oh wait\u2026 A deep contempt for the lack of civism public-spiritedness<\/li><\/ul>\r\n\t\t<\/div><\/div><\/div>\r\n\t<\/div>\r\n\t<div class=\"taz_column taz_column-twoThirds\">\r\n\t\t<p>I photograph since 2003, attracted by the aesthetic and the numerous beauties of our world. It is mainly in the field of Nature that I find topics that affect me the most. Eclectic moreover, my taste for travel appears to be a major asset to my sensibility. I am convinced of the tremendous contribution of my parents and fifteen years spent abroad; this has sharpened my sense of observation and many of my interests. I'm now trying to enrich those bases by multiplying travels whenever I get the chance and through a style that is precise, almost documentary, a great attention to detail and an assumed perfectionism. Nepal, Australia, Iceland, a mission to Gabon, etc., have been a great photographic experience and extremely varied regarding the subjects.<\/p>\r\n\t\t<p>I spent almost all of my school years in Africa \u2013\u00a0Senegal, Madagascar\u00a0\u2013 where I validated a scientific Baccalaur\u00e9at. I now live in France where I had started studying geology. After I refocused, I quickly  with a vocational training certificate specialised in Edition to work as soon as possible. I then began my career in communication agencies. Today I'm freelancer and apply some 10 years of experience in multiple fields such as <strong>photography<\/strong>, <strong>artistic direction<\/strong>, <strong>design of software interfaces for iOS and Mac (<a href=\"http:\/\/TheKeptPromise.com\" target=\"_blank\" class=\"taz_link taz_link-default\"disabled=\"disabled\">TheKeptPromise<\/a>)<\/strong>, <strong>Web design<\/strong>, <strong>2D & 3D creation<\/strong>, <strong>corporate communication<\/strong>, <strong>consulting<\/strong>\u2026<\/p>\r\n\t\t<h5>Experiences & qualifications<\/h5>\r\n\t\t<ul class=\"taz_list\"><li class=\"taz_listItem\"><i class=\"fa-li fa fa-chevron-right\"><\/i>2010 until today | Freelance. Photography, Artistic Direction, Web Design, User Interface Design for iOS (iPad, iPhone, iPod) & Mac, 3D, Company Communication, Consulting<\/li><li class=\"taz_listItem\"><i class=\"fa-li fa fa-chevron-right\"><\/i>2006 - 2010 | Artistic director, 2D - 3D computer graphics, HTML\/CSS\/Javascript developer<\/li><li class=\"taz_listItem\"><i class=\"fa-li fa fa-chevron-right\"><\/i>2005 - 2006 | Artistic director, 2D - 3D computer graphics<\/li><li class=\"taz_listItem\"><i class=\"fa-li fa fa-chevron-right\"><\/i>2001 - 2004 | Computer graphics, Web development<\/li><li class=\"taz_listItem\"><i class=\"fa-li fa fa-chevron-right\"><\/i>Vocational training certificate in Editing (2002) | Institut Rousseau \u2022 Toulouse<br \/>Geology & Applied Mathematics Informatic | Paul Sabatier University \u2022 Toulouse<br \/>Scientific baccalaureate, opt. Sciences & Earth life (1998) | Antananarivo French High School \u2022 Madagascar<\/li><\/ul>\r\n\t<\/div>\r\n<\/div>\r\n<h5>Their testimony<\/h5>\r\n<div class=\"taz_row\">\r\n\t<div class=\"taz_column taz_column-half\">\r\n\t\t<blockquote class=\"taz_blockquote taz_blockquote-left\"><p>\r\n\t\t\tMon coll\u00e8gue Jacques Dufailly et moi-m\u00eame tenons \u00e0 vous remercier tr\u00e8s vivement pour la cr\u00e9ation de notre site web, ainsi que pour la d\u00e9finition de l\u2019ensemble des documents n\u00e9cessaires \u00e0 la vie de nos entreprises.\r\n\r\n\t\t\tVous avez su nous interroger sur la raison d\u2019\u00eatre de nos entreprises, \u00e9couter nos attentes, et les transformer, de mani\u00e8re tr\u00e8s professionnelle, en nous proposant tout d\u2019abord une identit\u00e9 visuelle et un logo, argument\u00e9s, tr\u00e8s esth\u00e9tiques et r\u00e9pondant totalement \u00e0 notre attente. Nous avons ensuite beaucoup appr\u00e9ci\u00e9 la qualit\u00e9 du site web, des documents administratifs, des cartes de visite, des couvertures des ouvrages de formation.\r\n\r\n\t\t\tLe d\u00e9lai utilis\u00e9 pour r\u00e9aliser tous ces travaux a \u00e9t\u00e9 tout \u00e0 fait remarquable.\r\n\t\t<\/p><footer class=\"taz_blockquote-footer\">Jacques Dufailly et Michel Poss \u2022 CIPI Formations <cite title=\"http:\/\/cipi.fr\/\">http:\/\/cipi.fr\/<\/cite><\/footer><\/blockquote>\r\n\t<\/div>\r\n\t<div class=\"taz_column taz_column-half\">\r\n\t\t<blockquote class=\"taz_blockquote taz_blockquote-left\"><p>\r\n\t\t\tIt was a pleasure to have such a photographer at our wedding. Not only is he skilful in handling his equipment to take the best possible picture, he also knows how to interact with people to realize the scenes he has in mind; this combination has captured many meaningful moments for us to enjoy forever.\r\n\t\t\t<\/p><footer class=\"taz_blockquote-footer\">Nan & Andreas Metlen<\/footer><\/blockquote>\r\n\r\n\r\n\t\t\t<blockquote class=\"taz_blockquote taz_blockquote-left\"><p>\r\n\t\t\t\u00c9douard nous surprend toujours par ses clich\u00e9s. Ses photos sont d'une qualit\u00e9 exemplaire, tout en offrant une po\u00e9sie de la lumi\u00e8re. De plus il est toujours pr\u00eat \u00e0 donner de bons conseils.\r\n\t\t<\/p><footer class=\"taz_blockquote-footer\">Julien Bonjour \u2022 13-design <cite title=\"http:\/\/www.13-design.net\/\">http:\/\/www.13-design.net\/<\/cite><\/footer><\/blockquote>\r\n\t<\/div>\r\n<\/div>\r\n<blockquote class=\"taz_blockquote taz_blockquote-left\"><p>\r\nTout d\u2019abord, un grand merci \u00e0 \u00c9douard Puginier pour l\u2019ensemble de son travail sur notre mariage. Pour l\u2019organisation de notre mariage, nous avons fait appel \u00e0 ses services pour cr\u00e9er une identit\u00e9 graphique \u00e0 notre mariage. Identit\u00e9 qui puisse \u00eatre report\u00e9e sur plusieurs supports tels que les faire-part, livres de messe, menus, etc., m\u00eame des bougies.\r\n\r\nNous lui avons impos\u00e9 quelques contraintes puis, apr\u00e8s quelques br\u00e8ves discussions, il nous a pr\u00e9sent\u00e9 plusieurs maquettes, avec des supports et des nuances de couleurs diff\u00e9rentes.\r\n\r\nTout simplement g\u00e9nial de voir les rendus et les possibilit\u00e9s \u00e0 partir d\u2019un symbole. Tout de suite on se laisse prendre au jeu, tout est possible, \u00c9douard trouve une solution pour tout, et pense m\u00eame aux petits d\u00e9tails qui font la diff\u00e9rence.\r\n\r\nPar la suite nous lui avons demand\u00e9 de r\u00e9aliser les photos du mariage. Photos des mari\u00e9s, pourtant \"classiques\", sauf que le r\u00e9sultat \u00e0 \u00e9t\u00e9 bluffant, le d\u00e9cor tr\u00e8s minimaliste d\u2019une placette de campagne, mais les d\u00e9tails de la mise en place des sc\u00e8nes nous \u00e0 permis d\u2019avoir des photos exceptionnelles, et le tout \u00e0 dur\u00e9 moins de 45 minutes.\r\n\r\nDurant la c\u00e9r\u00e9monie et le vin d\u2019honneur, il a su prendre les personnes en photos de fa\u00e7on tr\u00e8s naturelle, dans un environnement festif et joyeux. L\u2019ensemble des photos nous a \u00e9t\u00e9 livr\u00e9 sur le support de notre choix (CD), se qui nous permet de les faire tourner sur un cadre num\u00e9rique.\r\n\r\nUne exp\u00e9rience en toute simplicit\u00e9, sans prise de t\u00eate, mais tr\u00e8s professionnelle.\r\n<\/p><footer class=\"taz_blockquote-footer\">Ourielle et G\u00e9rald Rott<\/footer><\/blockquote>\r\n<h5>Gear<\/h5>\r\n<div class=\"taz_well\">\r\n\tCanon EOS 5D Mark II \u2022 Canon EOS 7D \u2022 Canon EF 85mm \u0192\/1.2L II USM \u2022 Canon EF 180mm \u0192\/3.5L Macro USM \u2022 Canon EF 100-400mm \u0192\/4.5-5.6L IS USM \u2022 Canon EF 24-105mm \u0192\/4L IS USM \u2022 Canon Extender EF 2x II \u2022 Canon Speedlite 580EX II flash x2 \u2022 Manfrotto 055CXPRO4 Tripod \u2022 Manfrotto 405 Pro Digital Geared Head \u2022 Manfrotto 468MGRC4 Hydrostatic Ball Head \u2022 Lowepro \u201cPro Trekker 400 AW\u201d \u2022 B+W 110 ND 3.0 - 10 BL 1000x \u2022 Etc.\r\n<\/div>","protected":false},"excerpt":{"rendered":"<p class=\"taz_post-excerpt\">Official Edouard's Puginier Website, photographer (and much more)<\/p>\n","protected":false},"author":1,"featured_media":0,"parent":0,"menu_order":0,"comment_status":"closed","ping_status":"closed","template":"","meta":{"footnotes":""},"class_list":["post-3897","page","type-page","status-publish","hentry"],"acf":[],"_links":{"self":[{"href":"https:\/\/vpn.tazintosh.com\/en\/wp-json\/wp\/v2\/pages\/3897","targetHints":{"allow":["GET"]}}],"collection":[{"href":"https:\/\/vpn.tazintosh.com\/en\/wp-json\/wp\/v2\/pages"}],"about":[{"href":"https:\/\/vpn.tazintosh.com\/en\/wp-json\/wp\/v2\/types\/page"}],"author":[{"embeddable":true,"href":"https:\/\/vpn.tazintosh.com\/en\/wp-json\/wp\/v2\/users\/1"}],"replies":[{"embeddable":true,"href":"https:\/\/vpn.tazintosh.com\/en\/wp-json\/wp\/v2\/comments?post=3897"}],"version-history":[{"count":0,"href":"https:\/\/vpn.tazintosh.com\/en\/wp-json\/wp\/v2\/pages\/3897\/revisions"}],"wp:attachment":[{"href":"https:\/\/vpn.tazintosh.com\/en\/wp-json\/wp\/v2\/media?parent=3897"}],"curies":[{"name":"wp","href":"https:\/\/api.w.org\/{rel}","templated":true}]}}